{"id":69,"date":"2020-01-27T08:05:29","date_gmt":"2020-01-27T08:05:29","guid":{"rendered":"https:\/\/demosites.io\/web-agency-gb\/?page_id=69"},"modified":"2022-08-10T21:02:17","modified_gmt":"2022-08-10T19:02:17","slug":"15c42-web-agency-gb-portfolio","status":"publish","type":"page","link":"https:\/\/immova-immobilien.de\/index.php\/15c42-web-agency-gb-portfolio\/","title":{"rendered":"Portfolio"},"content":{"rendered":"\n<div style=\"height:63px\" aria-hidden=\"true\" class=\"wp-block-spacer\"><\/div>\n\n\n\n<div class=\"wp-block-cover alignfull\" style=\"min-height:170px;aspect-ratio:unset;\"><span aria-hidden=\"true\" class=\"wp-block-cover__background has-nv-site-bg-background-color has-background-dim-100 has-background-dim\"><\/span><div class=\"wp-block-cover__inner-container is-layout-flow wp-block-cover-is-layout-flow\">\n<div class=\"wp-block-group\"><div class=\"wp-block-group__inner-container is-layout-flow wp-block-group-is-layout-flow\">\n<h1 class=\"has-text-align-left has-neve-link-hover-color-color has-text-color has-x-large-font-size wp-block-heading\" style=\"font-style:normal;font-weight:900\">Immobilienvermittlung<\/h1>\n<\/div><\/div>\n<\/div><\/div>\n\n\n\n<div style=\"height:26px\" aria-hidden=\"true\" class=\"wp-block-spacer\"><\/div>\n\n\n\n<div class=\"wp-block-cover alignfull has-custom-content-position is-position-top-center\" style=\"min-height:858px;aspect-ratio:unset;\"><span aria-hidden=\"true\" class=\"wp-block-cover__background has-nv-light-bg-background-color has-background-dim-100 has-background-dim\"><\/span><div class=\"wp-block-cover__inner-container is-layout-flow wp-block-cover-is-layout-flow\">\n<div style=\"height:50px\" aria-hidden=\"true\" class=\"wp-block-spacer\"><\/div>\n\n\n\n<div class=\"wp-block-columns is-layout-flex wp-container-core-columns-is-layout-9d6595d7 wp-block-columns-is-layout-flex\">\n<div class=\"wp-block-column is-layout-flow wp-block-column-is-layout-flow\">\n<figure class=\"wp-block-image size-full is-resized is-style-rounded\"><img loading=\"lazy\" decoding=\"async\" src=\"https:\/\/i0.wp.com\/immova-immobilien.de\/wp-content\/uploads\/2022\/03\/iStock-1175040210-2-1-edited.jpg?resize=418%2C418&#038;ssl=1\" alt=\"\" class=\"wp-image-441\" width=\"418\" height=\"418\" srcset=\"https:\/\/i0.wp.com\/immova-immobilien.de\/wp-content\/uploads\/2022\/03\/iStock-1175040210-2-1-edited.jpg?w=836&amp;ssl=1 836w, https:\/\/i0.wp.com\/immova-immobilien.de\/wp-content\/uploads\/2022\/03\/iStock-1175040210-2-1-edited.jpg?resize=300%2C300&amp;ssl=1 300w, https:\/\/i0.wp.com\/immova-immobilien.de\/wp-content\/uploads\/2022\/03\/iStock-1175040210-2-1-edited.jpg?resize=150%2C150&amp;ssl=1 150w, https:\/\/i0.wp.com\/immova-immobilien.de\/wp-content\/uploads\/2022\/03\/iStock-1175040210-2-1-edited.jpg?resize=768%2C768&amp;ssl=1 768w\" sizes=\"auto, (max-width: 418px) 100vw, 418px\" \/><\/figure>\n<\/div>\n\n\n\n<div class=\"wp-block-column is-vertically-aligned-center is-layout-flow wp-block-column-is-layout-flow\">\n<p class=\"has-neve-text-color-color has-text-color\" style=\"font-style:normal;font-weight:700\">Der Verkauf einer Immobilie ist immer individuell und ist f\u00fcr viele Eigent\u00fcmer eine gro\u00dfe Entscheidung.<\/p>\n\n\n\n<p class=\"has-neve-text-color-color has-text-color\" style=\"font-style:normal;font-weight:700\">Ich sorge f\u00fcr einen reibungs\u00adlosen Ab\u00adlauf und bin bei jedem Schritt an Ihrer Seite, und das von der ersten Be\u00adratung bis zum Notar\u00adtermin. Ich k\u00fcmmere mich neben der effizienten Ver\u00admarktung Ihrer Immobilie ebenfalls um die Besichtigungs\u00adtermine mit Kaufinteressenten und erledige die administrativen Aufgaben f\u00fcr Sie. Dabei stehen Ihre pers\u00f6nlichen W\u00fcnsche immer im Vordergrund, so ist auch ein diskreter Verkauf Ihrer Immobilie m\u00f6glich.   <\/p>\n<\/div>\n<\/div>\n\n\n\n<p class=\"has-neve-text-color-color has-text-color\" style=\"font-style:normal;font-weight:700\">Die Vermittlung gliedert sich wie folgt:<\/p>\n\n\n\n<ul class=\"has-neve-text-color-color has-text-color wp-block-list\" style=\"font-style:normal;font-weight:700\"><li>Pers\u00f6nliches Beratungsgespr\u00e4ch und  kostenlose Immobilienbewertung <\/li><li>Auftragserteilung<\/li><li>Einholung und Zusammenstellung aller f\u00fcr den Verkauf ben\u00f6tigten Unterlagen (Energieausweis, aktueller Grundbuchauszug, \u2026)<\/li><li>Erstellung eines aussagekr\u00e4ftigen Expos\u00e9s und Vermarktung Ihrer Immobilie<\/li><li>Durchf\u00fchrung von Besichtigungsterminen und Pr\u00fcfung der Kaufinteressenten <\/li><li>Verhandlungsf\u00fchrung und Vermittlung zwischen Verk\u00e4ufer und K\u00e4ufer<\/li><li>\u00dcbermittlung der Geb\u00e4udeinformationen und Verkaufskonditionen an den Notar f\u00fcr die Erstellung des Kaufvertrages<\/li><li>Schl\u00fcssel\u00fcbergabe inklusive der F\u00fchrung eines \u00dcbergabeprotokolls<\/li><\/ul>\n\n\n\n<p><\/p>\n\n\n\n<p class=\"has-neve-link-color-color has-text-color\" style=\"font-size:18px;font-style:normal;font-weight:700\">Vermittlungsgeb\u00fchren entstehen erst, wenn die Immobilie erfolgreich verkauft wurde. Alle Kosten die w\u00e4hrend der Vermittlung entstehen (Inseratskosten, Kosten f\u00fcr den Energieausweis und den Grundbuchauszug, sonstige) sind in der Maklergeb\u00fchr inkludiert.<\/p>\n<\/div><\/div>\n\n\n\n<div class=\"wp-block-cover alignfull\" style=\"min-height:73px;aspect-ratio:unset;\"><span aria-hidden=\"true\" class=\"wp-block-cover__background has-nv-site-bg-background-color has-background-dim-100 has-background-dim\"><\/span><div class=\"wp-block-cover__inner-container is-layout-flow wp-block-cover-is-layout-flow\">\n<p class=\"has-text-align-center has-large-font-size\"><\/p>\n<\/div><\/div>\n\n\n\n<div class=\"wp-block-cover alignfull\" style=\"min-height:475px;aspect-ratio:unset;\"><span aria-hidden=\"true\" class=\"wp-block-cover__background has-nv-light-bg-background-color has-background-dim-100 has-background-dim\"><\/span><div class=\"wp-block-cover__inner-container is-layout-flow wp-block-cover-is-layout-flow\">\n<div style=\"height:10px\" aria-hidden=\"true\" class=\"wp-block-spacer\"><\/div>\n\n\n\n<div style=\"height:26px\" aria-hidden=\"true\" class=\"wp-block-spacer\"><\/div>\n\n\n\n<div class=\"wp-block-columns is-layout-flex wp-container-core-columns-is-layout-9d6595d7 wp-block-columns-is-layout-flex\">\n<div class=\"wp-block-column is-vertically-aligned-center is-layout-flow wp-block-column-is-layout-flow\"><div class=\"wp-block-image is-style-rounded\">\n<figure class=\"aligncenter size-medium\"><img loading=\"lazy\" decoding=\"async\" width=\"300\" height=\"300\" src=\"https:\/\/i0.wp.com\/immova-immobilien.de\/wp-content\/uploads\/2022\/03\/CC3ADF7D-4538-49C6-90A5-1E0E23737605-edited-300x300.jpeg?resize=300%2C300&#038;ssl=1\" alt=\"\" class=\"wp-image-421\" srcset=\"https:\/\/i0.wp.com\/immova-immobilien.de\/wp-content\/uploads\/2022\/03\/CC3ADF7D-4538-49C6-90A5-1E0E23737605-edited.jpeg?resize=300%2C300&amp;ssl=1 300w, https:\/\/i0.wp.com\/immova-immobilien.de\/wp-content\/uploads\/2022\/03\/CC3ADF7D-4538-49C6-90A5-1E0E23737605-edited.jpeg?resize=1024%2C1024&amp;ssl=1 1024w, https:\/\/i0.wp.com\/immova-immobilien.de\/wp-content\/uploads\/2022\/03\/CC3ADF7D-4538-49C6-90A5-1E0E23737605-edited.jpeg?resize=150%2C150&amp;ssl=1 150w, https:\/\/i0.wp.com\/immova-immobilien.de\/wp-content\/uploads\/2022\/03\/CC3ADF7D-4538-49C6-90A5-1E0E23737605-edited.jpeg?resize=768%2C769&amp;ssl=1 768w, https:\/\/i0.wp.com\/immova-immobilien.de\/wp-content\/uploads\/2022\/03\/CC3ADF7D-4538-49C6-90A5-1E0E23737605-edited.jpeg?w=1234&amp;ssl=1 1234w\" sizes=\"auto, (max-width: 300px) 100vw, 300px\" \/><\/figure>\n<\/div><\/div>\n\n\n\n<div class=\"wp-block-column is-vertically-aligned-center is-layout-flow wp-block-column-is-layout-flow\">\n<p class=\"has-text-align-center has-neve-link-color-color has-text-color has-x-large-font-size\" style=\"font-style:normal;font-weight:900\">Sie haben Fragen?<\/p>\n\n\n\n<p class=\"has-text-align-center has-neve-link-hover-color-color has-text-color has-x-large-font-size\" style=\"font-style:italic;font-weight:700\">Ich berate Sie gerne!<\/p>\n\n\n\n<div class=\"wp-block-buttons is-content-justification-center is-layout-flex wp-container-core-buttons-is-layout-16018d1d wp-block-buttons-is-layout-flex\">\n<div class=\"wp-block-button\"><a class=\"wp-block-button__link has-neve-link-hover-color-background-color has-background\" href=\"https:\/\/immova-immobilien.de\/index.php\/15c42-web-agency-gb-contact-us\/\">Kontakt<\/a><\/div>\n<\/div>\n<\/div>\n<\/div>\n<\/div><\/div>\n","protected":false},"excerpt":{"rendered":"","protected":false},"author":2,"featured_media":0,"parent":0,"menu_order":0,"comment_status":"closed","ping_status":"closed","template":"","meta":{"neve_meta_sidebar":"full-width","neve_meta_container":"","neve_meta_enable_content_width":"on","neve_meta_content_width":100,"neve_meta_title_alignment":"","neve_meta_author_avatar":"","neve_post_elements_order":"","neve_meta_disable_header":"","neve_meta_disable_footer":"","neve_meta_disable_title":"on","_ti_tpc_template_sync":false,"_ti_tpc_template_id":"t3x60x1arljpehhy6mr6","spay_email":"","footnotes":""},"class_list":["post-69","page","type-page","status-publish","hentry"],"amp_enabled":true,"_links":{"self":[{"href":"https:\/\/immova-immobilien.de\/index.php\/wp-json\/wp\/v2\/pages\/69","targetHints":{"allow":["GET"]}}],"collection":[{"href":"https:\/\/immova-immobilien.de\/index.php\/wp-json\/wp\/v2\/pages"}],"about":[{"href":"https:\/\/immova-immobilien.de\/index.php\/wp-json\/wp\/v2\/types\/page"}],"author":[{"embeddable":true,"href":"https:\/\/immova-immobilien.de\/index.php\/wp-json\/wp\/v2\/users\/2"}],"replies":[{"embeddable":true,"href":"https:\/\/immova-immobilien.de\/index.php\/wp-json\/wp\/v2\/comments?post=69"}],"version-history":[{"count":24,"href":"https:\/\/immova-immobilien.de\/index.php\/wp-json\/wp\/v2\/pages\/69\/revisions"}],"predecessor-version":[{"id":939,"href":"https:\/\/immova-immobilien.de\/index.php\/wp-json\/wp\/v2\/pages\/69\/revisions\/939"}],"wp:attachment":[{"href":"https:\/\/immova-immobilien.de\/index.php\/wp-json\/wp\/v2\/media?parent=69"}],"curies":[{"name":"wp","href":"https:\/\/api.w.org\/{rel}","templated":true}]}}