{"id":520,"date":"2022-03-09T14:32:32","date_gmt":"2022-03-09T13:32:32","guid":{"rendered":"https:\/\/immova-immobilien.de\/?page_id=520"},"modified":"2022-03-10T10:21:22","modified_gmt":"2022-03-10T09:21:22","slug":"hausverwaltung","status":"publish","type":"page","link":"https:\/\/immova-immobilien.de\/index.php\/hausverwaltung\/","title":{"rendered":"Hausverwaltung"},"content":{"rendered":"\n<div style=\"height:44px\" aria-hidden=\"true\" class=\"wp-block-spacer\"><\/div>\n\n\n\n<h2 class=\"alignwide has-neve-link-hover-color-color has-text-color has-x-large-font-size wp-block-heading\" style=\"font-style:normal;font-weight:900\">Hausverwaltung<\/h2>\n\n\n\n<div style=\"height:46px\" aria-hidden=\"true\" class=\"wp-block-spacer\"><\/div>\n\n\n\n<div class=\"wp-block-cover alignfull\" style=\"min-height:858px;aspect-ratio:unset;\"><span aria-hidden=\"true\" class=\"has-nv-light-bg-background-color has-background-dim-100 wp-block-cover__gradient-background has-background-dim\"><\/span><div class=\"wp-block-cover__inner-container is-layout-flow wp-block-cover-is-layout-flow\">\n<div class=\"wp-block-columns is-layout-flex wp-container-core-columns-is-layout-9d6595d7 wp-block-columns-is-layout-flex\">\n<div class=\"wp-block-column is-vertically-aligned-top is-layout-flow wp-block-column-is-layout-flow\"><\/div>\n\n\n\n<div class=\"wp-block-column is-vertically-aligned-center is-layout-flow wp-block-column-is-layout-flow\"><\/div>\n<\/div>\n\n\n\n<div class=\"wp-block-columns alignwide is-layout-flex wp-container-core-columns-is-layout-9d6595d7 wp-block-columns-is-layout-flex\">\n<div class=\"wp-block-column is-layout-flow wp-block-column-is-layout-flow\">\n<div class=\"wp-block-image is-style-rounded\"><figure class=\"aligncenter size-full is-resized\"><img loading=\"lazy\" decoding=\"async\" src=\"https:\/\/i0.wp.com\/immova-immobilien.de\/wp-content\/uploads\/2022\/03\/iStock-545427878-2-edited-2.jpg?resize=418%2C419&#038;ssl=1\" alt=\"\" class=\"wp-image-691\" width=\"418\" height=\"419\" srcset=\"https:\/\/i0.wp.com\/immova-immobilien.de\/wp-content\/uploads\/2022\/03\/iStock-545427878-2-edited-2.jpg?w=836&amp;ssl=1 836w, https:\/\/i0.wp.com\/immova-immobilien.de\/wp-content\/uploads\/2022\/03\/iStock-545427878-2-edited-2.jpg?resize=300%2C300&amp;ssl=1 300w, https:\/\/i0.wp.com\/immova-immobilien.de\/wp-content\/uploads\/2022\/03\/iStock-545427878-2-edited-2.jpg?resize=150%2C150&amp;ssl=1 150w, https:\/\/i0.wp.com\/immova-immobilien.de\/wp-content\/uploads\/2022\/03\/iStock-545427878-2-edited-2.jpg?resize=768%2C769&amp;ssl=1 768w\" sizes=\"auto, (max-width: 418px) 100vw, 418px\" \/><\/figure><\/div>\n<\/div>\n\n\n\n<div class=\"wp-block-column is-vertically-aligned-center is-layout-flow wp-block-column-is-layout-flow\">\n<p class=\"has-neve-text-color-color has-text-color\"><strong>Entsprechend der Interessen und W\u00fcnsche der Eigent\u00fcmer k\u00fcmmere ich mich um die umfassende und verl\u00e4ssliche Verwaltung, Abrechnung, sowie Vermietung. Sie ersparen sich so jegliche Belastungen und Formalit\u00e4ten, die mit dem Besitz einer Immobilie einhergehen.<\/strong><\/p>\n\n\n\n<p class=\"has-neve-text-color-color has-text-color\"><strong>Als Hausverwalterin vertrete ich die Eigent\u00fcmer gegen\u00fcber den Mietern und finde nachhaltige L\u00f6sungen f\u00fcr Probleme. Dabei stehe ich Ihnen und auch Ihren Mietern jederzeit als Ansprechpartnerin zur Verf\u00fcgung.<\/strong><\/p>\n<\/div>\n<\/div>\n\n\n\n<div class=\"wp-block-cover alignwide\"><span aria-hidden=\"true\" class=\"has-nv-light-bg-background-color has-background-dim-100 wp-block-cover__gradient-background has-background-dim\"><\/span><div class=\"wp-block-cover__inner-container is-layout-flow wp-block-cover-is-layout-flow\">\n<p class=\"has-neve-text-color-color has-text-color\"><strong>Die Hausverwaltung beinhaltet folgende Leistungen:<\/strong><\/p>\n\n\n\n<ul class=\"has-neve-text-color-color has-text-color wp-block-list\"><li><strong>Aufnahme aller Z\u00e4hler<\/strong><\/li><li><strong>Information der Verwaltungs\u00fcbernahme an alle Mieter, Versorger, Dienstleister und die Gemeinde<\/strong><\/li><li><strong>Pflege aller Daten im Verwaltungsprogramm<\/strong><\/li><li><strong>Mieterkorrespondenz<\/strong>  <\/li><li><strong>\u00dcberwachung Mieteing\u00e4nge<\/strong><\/li><li><strong>Forderungsmanagement<\/strong><\/li><li><strong>Rechnungskontrolle<\/strong><\/li><li><strong>Zahlungsverkehr<\/strong><\/li><li><strong>\u00dcberpr\u00fcfung von Mieterh\u00f6hungsm\u00f6glichkeiten<\/strong><\/li><li><strong>Erstellung Betriebskostenabrechnung<\/strong><\/li><li><strong>Erstellung einer Ein- und Ausgabenrechnung<\/strong><\/li><li><strong>Regelm\u00e4\u00dfige Objektbegehungen und Zustands\u00fcberwachung<\/strong><\/li><li><strong>Veranlassung und \u00dcberwachung von Instandhaltungen und Instandsetzungen<\/strong><\/li><li><strong>Abwicklung von Versicherungssch\u00e4den<\/strong><\/li><li><strong>\u00dcberwachung Dienstleistungsvertr\u00e4ge<\/strong><\/li><li><strong>K\u00fcndigungspr\u00fcfung und -best\u00e4tigung<\/strong><\/li><li><strong>Nachmietersuche, inkl. Besichtigungsterminen und Bonit\u00e4tspr\u00fcfung<\/strong><\/li><li><strong>Anfertigung von Mietvertrages<\/strong><\/li><li><strong>Wohnungsabnahme und -\u00fcbergabe<\/strong><\/li><li><strong>Information an Versorger<\/strong> <strong>\u00fcber Mieterwechsel<\/strong><\/li><\/ul>\n<\/div><\/div>\n\n\n\n<p><\/p>\n<\/div><\/div>\n\n\n\n<div class=\"wp-block-cover alignfull\" style=\"min-height:50px;aspect-ratio:unset;\"><span aria-hidden=\"true\" class=\"has-nv-site-bg-background-color has-background-dim-100 wp-block-cover__gradient-background has-background-dim\"><\/span><div class=\"wp-block-cover__inner-container is-layout-flow wp-block-cover-is-layout-flow\">\n<p class=\"has-text-align-center has-large-font-size\"><\/p>\n<\/div><\/div>\n\n\n\n<div class=\"wp-block-cover alignfull\" style=\"min-height:620px;aspect-ratio:unset;\"><span aria-hidden=\"true\" class=\"has-nv-light-bg-background-color has-background-dim-100 wp-block-cover__gradient-background has-background-dim\"><\/span><div class=\"wp-block-cover__inner-container is-layout-flow wp-block-cover-is-layout-flow\">\n<div style=\"height:27px\" aria-hidden=\"true\" class=\"wp-block-spacer\"><\/div>\n\n\n\n<div class=\"wp-block-columns alignwide are-vertically-aligned-center is-layout-flex wp-container-core-columns-is-layout-9d6595d7 wp-block-columns-is-layout-flex\">\n<div class=\"wp-block-column is-vertically-aligned-center is-layout-flow wp-block-column-is-layout-flow\" style=\"flex-basis:500px\">\n<div class=\"wp-block-image is-style-rounded\"><figure class=\"aligncenter size-medium\"><img loading=\"lazy\" decoding=\"async\" width=\"300\" height=\"300\" src=\"https:\/\/i0.wp.com\/immova-immobilien.de\/wp-content\/uploads\/2022\/03\/CC3ADF7D-4538-49C6-90A5-1E0E23737605-edited-300x300.jpeg?resize=300%2C300&#038;ssl=1\" alt=\"\" class=\"wp-image-421\" srcset=\"https:\/\/i0.wp.com\/immova-immobilien.de\/wp-content\/uploads\/2022\/03\/CC3ADF7D-4538-49C6-90A5-1E0E23737605-edited.jpeg?resize=300%2C300&amp;ssl=1 300w, https:\/\/i0.wp.com\/immova-immobilien.de\/wp-content\/uploads\/2022\/03\/CC3ADF7D-4538-49C6-90A5-1E0E23737605-edited.jpeg?resize=1024%2C1024&amp;ssl=1 1024w, https:\/\/i0.wp.com\/immova-immobilien.de\/wp-content\/uploads\/2022\/03\/CC3ADF7D-4538-49C6-90A5-1E0E23737605-edited.jpeg?resize=150%2C150&amp;ssl=1 150w, https:\/\/i0.wp.com\/immova-immobilien.de\/wp-content\/uploads\/2022\/03\/CC3ADF7D-4538-49C6-90A5-1E0E23737605-edited.jpeg?resize=768%2C769&amp;ssl=1 768w, https:\/\/i0.wp.com\/immova-immobilien.de\/wp-content\/uploads\/2022\/03\/CC3ADF7D-4538-49C6-90A5-1E0E23737605-edited.jpeg?w=1234&amp;ssl=1 1234w\" sizes=\"auto, (max-width: 300px) 100vw, 300px\" \/><\/figure><\/div>\n<\/div>\n\n\n\n<div class=\"wp-block-column is-vertically-aligned-center is-layout-flow wp-block-column-is-layout-flow\" style=\"flex-basis:500px\">\n<p class=\"has-text-align-center has-neve-link-color-color has-text-color has-x-large-font-size\" style=\"font-style:normal;font-weight:900\">Sie haben Fragen?<\/p>\n\n\n\n<p class=\"has-text-align-center has-neve-link-hover-color-color has-text-color has-x-large-font-size\" style=\"font-style:italic;font-weight:700\">Ich berate Sie gerne.<\/p>\n\n\n\n<div class=\"wp-block-buttons is-content-justification-center is-layout-flex wp-container-core-buttons-is-layout-16018d1d wp-block-buttons-is-layout-flex\">\n<div class=\"wp-block-button\"><a class=\"wp-block-button__link has-neve-link-hover-color-background-color has-background\">KONTAKT<\/a><\/div>\n<\/div>\n<\/div>\n<\/div>\n<\/div><\/div>\n","protected":false},"excerpt":{"rendered":"<p>Hausverwaltung<\/p>\n","protected":false},"author":2,"featured_media":0,"parent":0,"menu_order":0,"comment_status":"closed","ping_status":"closed","template":"","meta":{"neve_meta_sidebar":"","neve_meta_container":"","neve_meta_enable_content_width":"","neve_meta_content_width":0,"neve_meta_title_alignment":"","neve_meta_author_avatar":"","neve_post_elements_order":"","neve_meta_disable_header":"","neve_meta_disable_footer":"","neve_meta_disable_title":"","_ti_tpc_template_sync":false,"_ti_tpc_template_id":"","spay_email":"","footnotes":""},"class_list":["post-520","page","type-page","status-publish","hentry"],"amp_enabled":true,"_links":{"self":[{"href":"https:\/\/immova-immobilien.de\/index.php\/wp-json\/wp\/v2\/pages\/520","targetHints":{"allow":["GET"]}}],"collection":[{"href":"https:\/\/immova-immobilien.de\/index.php\/wp-json\/wp\/v2\/pages"}],"about":[{"href":"https:\/\/immova-immobilien.de\/index.php\/wp-json\/wp\/v2\/types\/page"}],"author":[{"embeddable":true,"href":"https:\/\/immova-immobilien.de\/index.php\/wp-json\/wp\/v2\/users\/2"}],"replies":[{"embeddable":true,"href":"https:\/\/immova-immobilien.de\/index.php\/wp-json\/wp\/v2\/comments?post=520"}],"version-history":[{"count":90,"href":"https:\/\/immova-immobilien.de\/index.php\/wp-json\/wp\/v2\/pages\/520\/revisions"}],"predecessor-version":[{"id":850,"href":"https:\/\/immova-immobilien.de\/index.php\/wp-json\/wp\/v2\/pages\/520\/revisions\/850"}],"wp:attachment":[{"href":"https:\/\/immova-immobilien.de\/index.php\/wp-json\/wp\/v2\/media?parent=520"}],"curies":[{"name":"wp","href":"https:\/\/api.w.org\/{rel}","templated":true}]}}