{"id":312,"date":"2020-01-23T18:21:52","date_gmt":"2020-01-23T18:21:52","guid":{"rendered":"https:\/\/demosites.io\/web-agency-gb\/?page_id=61"},"modified":"2022-08-10T20:59:25","modified_gmt":"2022-08-10T18:59:25","slug":"15c42-web-agency-gb-about-us","status":"publish","type":"page","link":"https:\/\/immova-immobilien.de\/index.php\/15c42-web-agency-gb-about-us\/","title":{"rendered":"\u00dcber Immova"},"content":{"rendered":"\n<div class=\"wp-block-cover alignfull\" style=\"min-height:300px;aspect-ratio:unset;\"><span aria-hidden=\"true\" class=\"wp-block-cover__background has-nv-site-bg-background-color has-background-dim-100 has-background-dim\"><\/span><div class=\"wp-block-cover__inner-container is-layout-flow wp-block-cover-is-layout-flow\">\n<div class=\"wp-block-group\"><div class=\"wp-block-group__inner-container is-layout-flow wp-block-group-is-layout-flow\"><\/div><\/div>\n<\/div><\/div>\n\n\n\n<div class=\"wp-block-cover alignfull\" style=\"min-height:600px;aspect-ratio:unset;\"><span aria-hidden=\"true\" class=\"wp-block-cover__background has-nv-light-bg-background-color has-background-dim-100 has-background-dim\"><\/span><div class=\"wp-block-cover__inner-container is-layout-flow wp-block-cover-is-layout-flow\">\n<div class=\"wp-block-group\"><div class=\"wp-block-group__inner-container is-layout-flow wp-block-group-is-layout-flow\">\n<div style=\"height:80px\" aria-hidden=\"true\" class=\"wp-block-spacer\"><\/div>\n\n\n\n<div class=\"wp-block-columns are-vertically-aligned-center is-layout-flex wp-container-core-columns-is-layout-9d6595d7 wp-block-columns-is-layout-flex\">\n<div class=\"wp-block-column is-vertically-aligned-center is-layout-flow wp-block-column-is-layout-flow\" style=\"flex-basis:50%\">\n<figure class=\"wp-block-image size-large is-style-rounded\"><img loading=\"lazy\" decoding=\"async\" width=\"1200\" height=\"1201\" src=\"https:\/\/i0.wp.com\/immova-immobilien.de\/wp-content\/uploads\/2022\/03\/CC3ADF7D-4538-49C6-90A5-1E0E23737605-edited.jpeg?resize=1200%2C1201&#038;ssl=1\" alt=\"\" class=\"wp-image-421\" srcset=\"https:\/\/i0.wp.com\/immova-immobilien.de\/wp-content\/uploads\/2022\/03\/CC3ADF7D-4538-49C6-90A5-1E0E23737605-edited.jpeg?w=1234&amp;ssl=1 1234w, https:\/\/i0.wp.com\/immova-immobilien.de\/wp-content\/uploads\/2022\/03\/CC3ADF7D-4538-49C6-90A5-1E0E23737605-edited.jpeg?resize=300%2C300&amp;ssl=1 300w, https:\/\/i0.wp.com\/immova-immobilien.de\/wp-content\/uploads\/2022\/03\/CC3ADF7D-4538-49C6-90A5-1E0E23737605-edited.jpeg?resize=1024%2C1024&amp;ssl=1 1024w, https:\/\/i0.wp.com\/immova-immobilien.de\/wp-content\/uploads\/2022\/03\/CC3ADF7D-4538-49C6-90A5-1E0E23737605-edited.jpeg?resize=150%2C150&amp;ssl=1 150w, https:\/\/i0.wp.com\/immova-immobilien.de\/wp-content\/uploads\/2022\/03\/CC3ADF7D-4538-49C6-90A5-1E0E23737605-edited.jpeg?resize=768%2C769&amp;ssl=1 768w\" sizes=\"auto, (max-width: 1200px) 100vw, 1200px\" \/><\/figure>\n<\/div>\n\n\n\n<div class=\"wp-block-column is-vertically-aligned-center is-layout-flow wp-block-column-is-layout-flow\" style=\"flex-basis:50%\">\n<h2 class=\"has-neve-text-color-color has-text-color wp-block-heading\">Anastasia Hammer<\/h2>\n\n\n\n<h2 class=\"has-neve-link-hover-color-color has-text-color wp-block-heading\" style=\"font-size:30px\">Inhaberin<\/h2>\n\n\n\n<p class=\"has-nv-dark-bg-color has-text-color\">Ihre Immobilie ist bei mir in guten H\u00e4nden. Meine\u00a0fachlichen Qualifikationen\u00a0und Kompetenzen, sowie meine Berufserfahrung bilden den Grundpfeiler meines Unternehmens. Sie profitieren von meiner Kenntnis \u00fcber den \u00f6rtlichen Markt und meinem Kundennetzwerk.<\/p>\n\n\n\n<p class=\"has-nv-dark-bg-color has-text-color\">Ich habe meine Ausbildung zur Immobiliekauffrau in Hannover absolviert und habe im Nachgang ausgiebige Branchenkenntnis gewinnen k\u00f6nnen. Ich bin nun in meine Heimat B\u00f6rger zur\u00fcckgekehrt und bin mir sicher, meine Kunden durch mein Engagement und Einsatz \u00fcberzeugen zu k\u00f6nnen. <\/p>\n<\/div>\n<\/div>\n\n\n\n<div style=\"height:40px\" aria-hidden=\"true\" class=\"wp-block-spacer\"><\/div>\n<\/div><\/div>\n<\/div><\/div>\n\n\n\n<div class=\"wp-block-cover alignfull\" style=\"min-height:600px;aspect-ratio:unset;\"><span aria-hidden=\"true\" class=\"wp-block-cover__background has-neve-link-color-background-color has-background-dim-100 has-background-dim\"><\/span><div class=\"wp-block-cover__inner-container is-layout-flow wp-block-cover-is-layout-flow\">\n<div class=\"wp-block-group\"><div class=\"wp-block-group__inner-container is-layout-flow wp-block-group-is-layout-flow\">\n<div style=\"height:80px\" aria-hidden=\"true\" class=\"wp-block-spacer\"><\/div>\n\n\n\n<div class=\"wp-block-columns are-vertically-aligned-center is-layout-flex wp-container-core-columns-is-layout-9d6595d7 wp-block-columns-is-layout-flex\">\n<div class=\"wp-block-column is-vertically-aligned-center is-layout-flow wp-block-column-is-layout-flow\" style=\"flex-basis:50%\">\n<h2 class=\"has-neve-link-hover-color-color has-text-color wp-block-heading\">Meine Unternehmenswerte<\/h2>\n\n\n\n<p class=\"has-nv-text-dark-bg-color has-text-color\">Als modern gef\u00fchrtes Unternehmen in den Bereichen Immobilienvermittlung, Hausverwaltung und Finanzierungsvermittlung ist es mein Anspruch die W\u00fcnsche des Kunden in bestm\u00f6glicher Weise zu erf\u00fcllen. Durch meine Branchenerfahrung kann ich Sie individuell beraten. \u00dcberzeugen Sie sich selbst und&nbsp;kontaktieren&nbsp;Sie mich gerne.<\/p>\n\n\n\n<div style=\"height:20px\" aria-hidden=\"true\" class=\"wp-block-spacer\"><\/div>\n\n\n\n<div class=\"wp-block-buttons is-layout-flex wp-block-buttons-is-layout-flex\">\n<div class=\"wp-block-button is-style-default\"><a class=\"wp-block-button__link has-neve-link-hover-color-background-color has-background\" href=\"https:\/\/immova-immobilien.de\/web-agency-gb-contact-us\/\">Kontakt<\/a><\/div>\n<\/div>\n\n\n\n<div style=\"height:20px\" aria-hidden=\"true\" class=\"wp-block-spacer\"><\/div>\n<\/div>\n\n\n\n<div class=\"wp-block-column is-vertically-aligned-center is-layout-flow wp-block-column-is-layout-flow\" style=\"flex-basis:50%\"><div class=\"wp-block-image is-style-rounded\">\n<figure class=\"aligncenter size-full is-resized\"><img loading=\"lazy\" decoding=\"async\" src=\"https:\/\/i0.wp.com\/immova-immobilien.de\/wp-content\/uploads\/2022\/03\/iStock-921531994-4-edited.jpg?resize=362%2C362&#038;ssl=1\" alt=\"\" class=\"wp-image-422\" width=\"362\" height=\"362\" srcset=\"https:\/\/i0.wp.com\/immova-immobilien.de\/wp-content\/uploads\/2022\/03\/iStock-921531994-4-edited.jpg?w=482&amp;ssl=1 482w, https:\/\/i0.wp.com\/immova-immobilien.de\/wp-content\/uploads\/2022\/03\/iStock-921531994-4-edited.jpg?resize=300%2C300&amp;ssl=1 300w, https:\/\/i0.wp.com\/immova-immobilien.de\/wp-content\/uploads\/2022\/03\/iStock-921531994-4-edited.jpg?resize=150%2C150&amp;ssl=1 150w\" sizes=\"auto, (max-width: 362px) 100vw, 362px\" \/><\/figure>\n<\/div><\/div>\n<\/div>\n\n\n\n<div style=\"height:40px\" aria-hidden=\"true\" class=\"wp-block-spacer\"><\/div>\n<\/div><\/div>\n<\/div><\/div>\n\n\n\n<figure class=\"wp-block-pullquote\"><blockquote><p>Ihr Auftrag wird stets fachkundig und professionell bearbeitet. Im Vorfeld berate ich Sie gerne kostenlos und unverbindlich.<\/p><\/blockquote><\/figure>\n\n\n\n<figure class=\"wp-block-pullquote\"><blockquote><p>Ich biete N\u00e4he zu meine Kunden, Mieter und Gesch\u00e4ftspartner. Ich bin auch au\u00dferhalb der normalen Gesch\u00e4ftszeiten f\u00fcr Sie erreichbar.<\/p><\/blockquote><\/figure>\n\n\n\n<figure class=\"wp-block-pullquote\"><blockquote><p>Ich kenne den Markt und seine Facetten. Sie profitieren von meinem regionalen Kunden- und Partnernetzwerk.<\/p><\/blockquote><\/figure>\n\n\n\n<div class=\"wp-block-cover alignfull\" style=\"min-height:189px;aspect-ratio:unset;\"><span aria-hidden=\"true\" class=\"wp-block-cover__background has-nv-light-bg-background-color has-background-dim-100 has-background-dim\"><\/span><div class=\"wp-block-cover__inner-container is-layout-flow wp-block-cover-is-layout-flow\">\n<div class=\"wp-block-group\"><div class=\"wp-block-group__inner-container is-layout-flow wp-block-group-is-layout-flow\">\n<div style=\"height:80px\" aria-hidden=\"true\" class=\"wp-block-spacer\"><\/div>\n\n\n\n<p><\/p>\n\n\n\n<div style=\"height:40px\" aria-hidden=\"true\" class=\"wp-block-spacer\"><\/div>\n<\/div><\/div>\n<\/div><\/div>\n","protected":false},"excerpt":{"rendered":"<p>Ihr Auftrag wird stets fachkundig und professionell bearbeitet. Im Vorfeld berate ich Sie gerne kostenlos und unverbindlich. Ich biete N\u00e4he zu meine Kunden, Mieter und Gesch\u00e4ftspartner. Ich bin auch au\u00dferhalb der normalen Gesch\u00e4ftszeiten f\u00fcr Sie erreichbar. Ich kenne den Markt und seine Facetten. Sie profitieren von meinem regionalen Kunden- und Partnernetzwerk.<\/p>\n","protected":false},"author":2,"featured_media":0,"parent":0,"menu_order":0,"comment_status":"closed","ping_status":"closed","template":"","meta":{"neve_meta_sidebar":"default","neve_meta_container":"default","neve_meta_enable_content_width":"on","neve_meta_content_width":100,"neve_meta_title_alignment":"","neve_meta_author_avatar":"","neve_post_elements_order":"","neve_meta_disable_header":"","neve_meta_disable_footer":"","neve_meta_disable_title":"on","_ti_tpc_template_sync":false,"_ti_tpc_template_id":"0qhau2t6eoekosrgo1a2","spay_email":"","footnotes":""},"class_list":["post-312","page","type-page","status-publish","hentry"],"amp_enabled":true,"_links":{"self":[{"href":"https:\/\/immova-immobilien.de\/index.php\/wp-json\/wp\/v2\/pages\/312","targetHints":{"allow":["GET"]}}],"collection":[{"href":"https:\/\/immova-immobilien.de\/index.php\/wp-json\/wp\/v2\/pages"}],"about":[{"href":"https:\/\/immova-immobilien.de\/index.php\/wp-json\/wp\/v2\/types\/page"}],"author":[{"embeddable":true,"href":"https:\/\/immova-immobilien.de\/index.php\/wp-json\/wp\/v2\/users\/2"}],"replies":[{"embeddable":true,"href":"https:\/\/immova-immobilien.de\/index.php\/wp-json\/wp\/v2\/comments?post=312"}],"version-history":[{"count":7,"href":"https:\/\/immova-immobilien.de\/index.php\/wp-json\/wp\/v2\/pages\/312\/revisions"}],"predecessor-version":[{"id":932,"href":"https:\/\/immova-immobilien.de\/index.php\/wp-json\/wp\/v2\/pages\/312\/revisions\/932"}],"wp:attachment":[{"href":"https:\/\/immova-immobilien.de\/index.php\/wp-json\/wp\/v2\/media?parent=312"}],"curies":[{"name":"wp","href":"https:\/\/api.w.org\/{rel}","templated":true}]}}